{"id":153,"date":"2025-12-02T22:46:13","date_gmt":"2025-12-02T22:46:13","guid":{"rendered":"https:\/\/www.backyardborjaxativa.es\/?page_id=153"},"modified":"2025-12-02T22:54:23","modified_gmt":"2025-12-02T22:54:23","slug":"que-es-una-carrera-backyard","status":"publish","type":"page","link":"https:\/\/www.backyardborjaxativa.es\/index.php\/que-es-una-carrera-backyard\/","title":{"rendered":"\u00bfQu\u00e9 es una carrera Backyard?"},"content":{"rendered":"\t\t<div data-elementor-type=\"wp-page\" data-elementor-id=\"153\" class=\"elementor elementor-153\">\n\t\t\t\t<div class=\"elementor-element elementor-element-6002955 e-flex e-con-boxed e-con e-parent\" data-id=\"6002955\" data-element_type=\"container\">\n\t\t\t\t\t<div class=\"e-con-inner\">\n\t\t\t\t<div class=\"elementor-element elementor-element-a8cbbdf elementor-widget elementor-widget-heading\" data-id=\"a8cbbdf\" data-element_type=\"widget\" data-widget_type=\"heading.default\">\n\t\t\t\t\t<h2 class=\"elementor-heading-title elementor-size-default\">\ud83d\udcd8 FAQ \u2013 Backyard Ultra<\/h2>\t\t\t\t<\/div>\n\t\t\t\t<div class=\"elementor-element elementor-element-d39e011 elementor-widget elementor-widget-text-editor\" data-id=\"d39e011\" data-element_type=\"widget\" data-widget_type=\"text-editor.default\">\n\t\t\t\t\t\t\t\t\t<h2 data-start=\"221\" data-end=\"259\">\u2753 <strong data-start=\"226\" data-end=\"259\">\u00bfQu\u00e9 es una carrera Backyard?<\/strong><\/h2><p data-start=\"261\" data-end=\"496\">Una Backyard es una prueba de resistencia en la que los corredores completan un bucle de <strong data-start=\"350\" data-end=\"362\">6,706 km<\/strong> cada hora.<br data-start=\"373\" data-end=\"376\" \/>No existe una distancia final ni un tiempo m\u00e1ximo:<\/p><p data-start=\"261\" data-end=\"496\"><br data-start=\"426\" data-end=\"429\" \/>\ud83d\udc49 <strong data-start=\"432\" data-end=\"496\">la carrera contin\u00faa hasta que queda un solo corredor en pie.<\/strong><\/p><p data-start=\"498\" data-end=\"678\">Es un formato que exige resistencia f\u00edsica, fortaleza mental y estrategia.<br data-start=\"572\" data-end=\"575\" \/>No importa tu nivel: lo que cuenta es tener la determinaci\u00f3n de seguir present\u00e1ndote al arco cada hora.<\/p>\t\t\t\t\t\t\t\t<\/div>\n\t\t\t\t\t<\/div>\n\t\t\t\t<\/div>\n\t\t<div class=\"elementor-element elementor-element-a4f9608 e-flex e-con-boxed e-con e-parent\" data-id=\"a4f9608\" data-element_type=\"container\">\n\t\t\t\t\t<div class=\"e-con-inner\">\n\t\t\t\t<div class=\"elementor-element elementor-element-cbdfde2 elementor-widget elementor-widget-text-editor\" data-id=\"cbdfde2\" data-element_type=\"widget\" data-widget_type=\"text-editor.default\">\n\t\t\t\t\t\t\t\t\t<h2 data-start=\"1062\" data-end=\"1112\">\u2753 <strong data-start=\"1067\" data-end=\"1112\">\u00bfPor qu\u00e9 la distancia exacta de 6,706 km?<\/strong><\/h2><p data-start=\"1114\" data-end=\"1301\">Lazarus Lake buscaba que, tras completar <strong data-start=\"1155\" data-end=\"1169\">24 vueltas<\/strong>, se alcanzaran <strong data-start=\"1185\" data-end=\"1199\">100 millas<\/strong> (161 km).<br data-start=\"1209\" data-end=\"1212\" \/>Por eso dise\u00f1\u00f3 un bucle que, multiplicado por 24 horas, sumara exactamente esa distancia<\/p>\t\t\t\t\t\t\t\t<\/div>\n\t\t\t\t\t<\/div>\n\t\t\t\t<\/div>\n\t\t<div class=\"elementor-element elementor-element-8858aeb e-flex e-con-boxed e-con e-parent\" data-id=\"8858aeb\" data-element_type=\"container\">\n\t\t\t\t\t<div class=\"e-con-inner\">\n\t\t\t\t<div class=\"elementor-element elementor-element-10b2715 elementor-widget elementor-widget-text-editor\" data-id=\"10b2715\" data-element_type=\"widget\" data-widget_type=\"text-editor.default\">\n\t\t\t\t\t\t\t\t\t<h2 data-start=\"1308\" data-end=\"1355\">\u2753 <strong data-start=\"1313\" data-end=\"1355\">\u00bfCu\u00e1l es la filosof\u00eda de una Backyard?<\/strong><\/h2><p data-start=\"1357\" data-end=\"1391\">Un formato sencillo pero brutal:<\/p><ul data-start=\"1392\" data-end=\"1527\"><li data-start=\"1392\" data-end=\"1446\"><p data-start=\"1394\" data-end=\"1446\">Todos los corredores corren el <strong data-start=\"1425\" data-end=\"1443\">mismo circuito<\/strong>.<\/p><\/li><li data-start=\"1447\" data-end=\"1499\"><p data-start=\"1449\" data-end=\"1499\">Todos tienen la <strong data-start=\"1465\" data-end=\"1486\">misma oportunidad<\/strong> cada hora.<\/p><\/li><li data-start=\"1500\" data-end=\"1527\"><p data-start=\"1502\" data-end=\"1527\"><strong data-start=\"1502\" data-end=\"1514\">Solo uno<\/strong> puede ganar.<\/p><\/li><\/ul><p data-start=\"1529\" data-end=\"1617\">Es una carrera de eliminaci\u00f3n progresiva en la que la mente pesa tanto como las piernas.<\/p>\t\t\t\t\t\t\t\t<\/div>\n\t\t\t\t\t<\/div>\n\t\t\t\t<\/div>\n\t\t<div class=\"elementor-element elementor-element-1f9f8a0 e-flex e-con-boxed e-con e-parent\" data-id=\"1f9f8a0\" data-element_type=\"container\">\n\t\t\t\t\t<div class=\"e-con-inner\">\n\t\t\t\t<div class=\"elementor-element elementor-element-3d8ca04 elementor-widget elementor-widget-text-editor\" data-id=\"3d8ca04\" data-element_type=\"widget\" data-widget_type=\"text-editor.default\">\n\t\t\t\t\t\t\t\t\t<h2 data-start=\"1624\" data-end=\"1670\">\u2753 <strong data-start=\"1629\" data-end=\"1670\">\u00bfCu\u00e1nta distancia tiene una Backyard?<\/strong><\/h2><p data-start=\"1672\" data-end=\"1807\">No tiene una distancia definida.<br data-start=\"1704\" data-end=\"1707\" \/>La carrera termina \u00fanicamente cuando un corredor completa una vuelta m\u00e1s que el segundo clasificado.<\/p><p data-start=\"1809\" data-end=\"1917\">Por eso, algunas Backyards terminan en menos de 24 horas, mientras que otras se alargan durante varios d\u00edas.<\/p>\t\t\t\t\t\t\t\t<\/div>\n\t\t\t\t\t<\/div>\n\t\t\t\t<\/div>\n\t\t<div class=\"elementor-element elementor-element-61c97fd e-flex e-con-boxed e-con e-parent\" data-id=\"61c97fd\" data-element_type=\"container\">\n\t\t\t\t\t<div class=\"e-con-inner\">\n\t\t\t\t<div class=\"elementor-element elementor-element-403e87d elementor-widget elementor-widget-text-editor\" data-id=\"403e87d\" data-element_type=\"widget\" data-widget_type=\"text-editor.default\">\n\t\t\t\t\t\t\t\t\t<h2 data-start=\"1924\" data-end=\"1960\">\u2753 <strong data-start=\"1929\" data-end=\"1960\">\u00bfCu\u00e1l es el r\u00e9cord mundial?<\/strong><\/h2><p data-start=\"1962\" data-end=\"2073\">El r\u00e9cord m\u00e1s reciente (26 de junio de 2025) se estableci\u00f3 en la <strong data-start=\"2027\" data-end=\"2072\">Dead Cow Gully Backyard Ultra (Australia)<\/strong>:<\/p><ul data-start=\"2075\" data-end=\"2243\"><li data-start=\"2075\" data-end=\"2168\"><p data-start=\"2077\" data-end=\"2168\"><strong data-start=\"2077\" data-end=\"2102\">Phil Gore (Australia)<\/strong>: <strong data-start=\"2104\" data-end=\"2119\">119 vueltas<\/strong> \u2192 aprox. <strong data-start=\"2129\" data-end=\"2139\">797 km<\/strong> en 5 d\u00edas ininterrumpidos.<\/p><\/li><li data-start=\"2169\" data-end=\"2243\"><p data-start=\"2171\" data-end=\"2243\"><strong data-start=\"2171\" data-end=\"2201\">Sam Harvey (Nueva Zelanda)<\/strong>: <strong data-start=\"2203\" data-end=\"2218\">118 vueltas<\/strong> apoyando hasta el final.<\/p><\/li><\/ul>\t\t\t\t\t\t\t\t<\/div>\n\t\t\t\t\t<\/div>\n\t\t\t\t<\/div>\n\t\t<div class=\"elementor-element elementor-element-5375af8 e-flex e-con-boxed e-con e-parent\" data-id=\"5375af8\" data-element_type=\"container\">\n\t\t\t\t\t<div class=\"e-con-inner\">\n\t\t\t\t<div class=\"elementor-element elementor-element-6fff654 elementor-widget elementor-widget-text-editor\" data-id=\"6fff654\" data-element_type=\"widget\" data-widget_type=\"text-editor.default\">\n\t\t\t\t\t\t\t\t\t<h2 data-start=\"114\" data-end=\"158\">\u2753 <strong data-start=\"119\" data-end=\"158\">\u00bfC\u00f3mo funciona la salida cada hora?<\/strong><\/h2><p data-start=\"160\" data-end=\"272\">En una Backyard, <strong data-start=\"177\" data-end=\"244\">cada vuelta empieza exactamente al inicio de cada hora en punto<\/strong>.<br data-start=\"245\" data-end=\"248\" \/>Cuando suena la campana:<\/p><ol data-start=\"274\" data-end=\"650\"><li data-start=\"274\" data-end=\"344\"><p data-start=\"277\" data-end=\"344\"><strong data-start=\"277\" data-end=\"342\">Todos los corredores deben estar dentro del corral de salida.<\/strong><\/p><\/li><li data-start=\"345\" data-end=\"373\"><p data-start=\"348\" data-end=\"373\"><strong data-start=\"348\" data-end=\"371\">Todos salen juntos.<\/strong><\/p><\/li><li data-start=\"374\" data-end=\"443\"><p data-start=\"377\" data-end=\"443\">Tienen <strong data-start=\"384\" data-end=\"404\">hasta 60 minutos<\/strong> para completar el bucle de 6,706 km.<\/p><\/li><li data-start=\"444\" data-end=\"542\"><p data-start=\"447\" data-end=\"542\">Si llegan con tiempo de sobra, pueden descansar, comer o prepararse para la siguiente salida.<\/p><\/li><li data-start=\"543\" data-end=\"650\"><p data-start=\"546\" data-end=\"650\">Cuando llega la siguiente hora, se repite el proceso:<br data-start=\"599\" data-end=\"602\" \/>\ud83d\udc49 nueva salida, mismo circuito, misma regla.<\/p><\/li><\/ol><p data-start=\"652\" data-end=\"773\">No se permite salir antes ni despu\u00e9s:<br data-start=\"689\" data-end=\"692\" \/><strong data-start=\"692\" data-end=\"773\">solo se puede comenzar la vuelta cuando la organizaci\u00f3n da la salida oficial.<\/strong><\/p>\t\t\t\t\t\t\t\t<\/div>\n\t\t\t\t\t<\/div>\n\t\t\t\t<\/div>\n\t\t<div class=\"elementor-element elementor-element-7864006 e-flex e-con-boxed e-con e-parent\" data-id=\"7864006\" data-element_type=\"container\">\n\t\t\t\t\t<div class=\"e-con-inner\">\n\t\t\t\t<div class=\"elementor-element elementor-element-6962c29 elementor-widget elementor-widget-text-editor\" data-id=\"6962c29\" data-element_type=\"widget\" data-widget_type=\"text-editor.default\">\n\t\t\t\t\t\t\t\t\t<h2 data-start=\"780\" data-end=\"854\">\u2753 <strong data-start=\"785\" data-end=\"854\">\u00bfQu\u00e9 ocurre si un corredor se retrasa unos segundos en la salida?<\/strong><\/h2><p data-start=\"856\" data-end=\"914\">En el formato Backyard <strong data-start=\"879\" data-end=\"913\">no existe margen de tolerancia<\/strong>.<\/p><p data-start=\"916\" data-end=\"1082\">\u27a1\ufe0f <strong data-start=\"919\" data-end=\"1005\">Si no est\u00e1s dentro del corral en el momento exacto de la salida, quedas eliminado.<\/strong><br data-start=\"1005\" data-end=\"1008\" \/>Incluso si te retrasas <strong data-start=\"1031\" data-end=\"1049\">1 solo segundo<\/strong>, ya no puedes iniciar la vuelta.<\/p><p data-start=\"1084\" data-end=\"1198\">Esta regla es esencial para mantener el esp\u00edritu del formato:<br data-start=\"1145\" data-end=\"1148\" \/>una oportunidad igual para todos, sin excepciones.<\/p>\t\t\t\t\t\t\t\t<\/div>\n\t\t\t\t\t<\/div>\n\t\t\t\t<\/div>\n\t\t\t\t<\/div>\n\t\t","protected":false},"excerpt":{"rendered":"<p>\ud83d\udcd8 FAQ \u2013 Backyard Ultra \u2753 \u00bfQu\u00e9 es una carrera Backyard? Una Backyard es una prueba de resistencia en la que los corredores completan un bucle de 6,706 km cada hora.No existe una distancia final ni un tiempo m\u00e1ximo: \ud83d\udc49 la carrera contin\u00faa hasta que queda un solo corredor en pie. Es un formato que [&hellip;]<\/p>\n","protected":false},"author":1,"featured_media":0,"parent":0,"menu_order":0,"comment_status":"closed","ping_status":"closed","template":"","meta":{"footnotes":""},"class_list":["post-153","page","type-page","status-publish","hentry"],"_links":{"self":[{"href":"https:\/\/www.backyardborjaxativa.es\/index.php\/wp-json\/wp\/v2\/pages\/153","targetHints":{"allow":["GET"]}}],"collection":[{"href":"https:\/\/www.backyardborjaxativa.es\/index.php\/wp-json\/wp\/v2\/pages"}],"about":[{"href":"https:\/\/www.backyardborjaxativa.es\/index.php\/wp-json\/wp\/v2\/types\/page"}],"author":[{"embeddable":true,"href":"https:\/\/www.backyardborjaxativa.es\/index.php\/wp-json\/wp\/v2\/users\/1"}],"replies":[{"embeddable":true,"href":"https:\/\/www.backyardborjaxativa.es\/index.php\/wp-json\/wp\/v2\/comments?post=153"}],"version-history":[{"count":4,"href":"https:\/\/www.backyardborjaxativa.es\/index.php\/wp-json\/wp\/v2\/pages\/153\/revisions"}],"predecessor-version":[{"id":159,"href":"https:\/\/www.backyardborjaxativa.es\/index.php\/wp-json\/wp\/v2\/pages\/153\/revisions\/159"}],"wp:attachment":[{"href":"https:\/\/www.backyardborjaxativa.es\/index.php\/wp-json\/wp\/v2\/media?parent=153"}],"curies":[{"name":"wp","href":"https:\/\/api.w.org\/{rel}","templated":true}]}}